{"id":15,"date":"2014-12-07T16:39:15","date_gmt":"2014-12-07T14:39:15","guid":{"rendered":"http:\/\/gymnastik-burlafingen.de\/?page_id=15"},"modified":"2025-09-28T21:43:38","modified_gmt":"2025-09-28T19:43:38","slug":"frauen-gymnastik-seniorinnen","status":"publish","type":"page","link":"https:\/\/gymnastik-burlafingen.de\/?page_id=15","title":{"rendered":"Frauen-Gymnastik (Seniorinnen)"},"content":{"rendered":"<p class=\"Normal\">Die Frauen-Gymnastik-Gruppe besteht schon seit 1964. Viele Frauen in dieser Gruppe sind bereits seit Jahrzehnten dabei. Sie w\u00fcrden bestimmt etwas vermissen, wenn sie montags nicht zur gewohnten \u00dcbungsstunde kommen k\u00f6nnten und au\u00dferhalb der \u00dcbungsstunde auf das gesellige Beisammensein verzichten m\u00fcssten. Denn Gemeinschaft und Kommunikation ist ein menschliches Grundbed\u00fcrfnis. Dass regelm\u00e4\u00dfiger Sport jung und beweglich h\u00e4lt, hat sich ebenfalls schon l\u00e4ngst herum gesprochen.<\/p>\n<p class=\"Normal\">Seit etwa drei Jahren leitet <b>Christiane Schwab<\/b> die Gymnastikgruppe. Sie ist sehr an sportlicher Fortbildung interessiert und bringt auch immer wieder neue \u00dcbungen von den einzelnen Fortbildungsveranstaltungen mit.<\/p>\n<p class=\"Normal\">Bei den Frauen der Gymnastikgruppe, die sich alle im reiferen Alter befinden, geht es zwar nicht mehr um pers\u00f6nliche Best- und H\u00f6chstleistungen, aber sie werden dennoch von der \u00dcbungsleiterin nach wie vor k\u00f6rperlich gefordert. Nach einer wirkungsvollen Aufw\u00e4rmgymnastik wird mit Reifen, Seilen, leichten Hanteln, St\u00e4ben, B\u00e4llen und anderen Ger\u00e4ten ge\u00fcbt. Dies geschieht alles mit Musik, denn mit Musik geht alles besser.<\/p>\n<p class=\"Normal\">Durch die einzelnen \u00dcbungen werden Ausdauer, Kraft, Beweglichkeit und Koordination verbessert. Die einzelnen \u00dcbungen bewirken auch eine sanfte Dehnung der Muskulatur. Damit wird Muskelverk\u00fcrzungen vorgebeugt. Durch die Vielzahl unterschiedlicher \u00dcbungen wird die k\u00f6rperliche Leistungsf\u00e4higkeit gest\u00e4rkt. Die rhythmischen \u00dcbungen, die mit viel Bewegungslust durchgef\u00fchrt werden, tragen zur Lebensfreude bei. Auf diese Weise betriebener altersgerechter Sport kann ein Jungbrunnen und eine Quelle f\u00fcr Vitalit\u00e4t sein.<\/p>\n<p class=\"Normal\">Die Frauen-Gymnastik f\u00fcr Seniorinnen findet jeden <b>Montag von 17:30 bis 18:30 Uhr<\/b> im Sporttreff Burlafingen statt.<br \/>\nDie \u00dcbungsleiterin <b>Christiane Schwab<\/b> kann unter der Telefon-Nr. 71 70 654 erreicht werden.<\/p>\n<p class=\"Normal\"><img loading=\"lazy\" decoding=\"async\" class=\"alignnone wp-image-65 size-full\" src=\"https:\/\/gymnastik-burlafingen.de\/wp-content\/uploads\/2014\/12\/Frauengymnastik-2012-4.jpg\" alt=\"Frauengymnastik-2012 (4)\" width=\"1344\" height=\"1008\" srcset=\"https:\/\/gymnastik-burlafingen.de\/wp-content\/uploads\/2014\/12\/Frauengymnastik-2012-4.jpg 1344w, https:\/\/gymnastik-burlafingen.de\/wp-content\/uploads\/2014\/12\/Frauengymnastik-2012-4-300x225.jpg 300w, https:\/\/gymnastik-burlafingen.de\/wp-content\/uploads\/2014\/12\/Frauengymnastik-2012-4-1024x768.jpg 1024w\" sizes=\"auto, (max-width: 1344px) 100vw, 1344px\" \/><\/p>\n","protected":false},"excerpt":{"rendered":"<p>Die Frauen-Gymnastik-Gruppe besteht schon seit 1964. Viele Frauen in dieser Gruppe sind bereits seit Jahrzehnten dabei. Sie w\u00fcrden bestimmt etwas vermissen, wenn sie montags nicht zur gewohnten \u00dcbungsstunde kommen k\u00f6nnten und au\u00dferhalb der \u00dcbungsstunde auf das gesellige Beisammensein verzichten m\u00fcssten. Denn Gemeinschaft und Kommunikation ist ein menschliches Grundbed\u00fcrfnis. Dass regelm\u00e4\u00dfiger Sport jung und beweglich h\u00e4lt, &hellip; <a href=\"https:\/\/gymnastik-burlafingen.de\/?page_id=15\" class=\"more-link\"><span class=\"screen-reader-text\">Frauen-Gymnastik (Seniorinnen)<\/span> weiterlesen <span class=\"meta-nav\">&rarr;<\/span><\/a><\/p>\n","protected":false},"author":1,"featured_media":0,"parent":0,"menu_order":0,"comment_status":"closed","ping_status":"closed","template":"","meta":{"jetpack_post_was_ever_published":false,"footnotes":""},"class_list":["post-15","page","type-page","status-publish","hentry"],"aioseo_notices":[],"jetpack_sharing_enabled":false,"jetpack_shortlink":"https:\/\/wp.me\/P5lLUg-f","_links":{"self":[{"href":"https:\/\/gymnastik-burlafingen.de\/index.php?rest_route=\/wp\/v2\/pages\/15","targetHints":{"allow":["GET"]}}],"collection":[{"href":"https:\/\/gymnastik-burlafingen.de\/index.php?rest_route=\/wp\/v2\/pages"}],"about":[{"href":"https:\/\/gymnastik-burlafingen.de\/index.php?rest_route=\/wp\/v2\/types\/page"}],"author":[{"embeddable":true,"href":"https:\/\/gymnastik-burlafingen.de\/index.php?rest_route=\/wp\/v2\/users\/1"}],"replies":[{"embeddable":true,"href":"https:\/\/gymnastik-burlafingen.de\/index.php?rest_route=%2Fwp%2Fv2%2Fcomments&post=15"}],"version-history":[{"count":6,"href":"https:\/\/gymnastik-burlafingen.de\/index.php?rest_route=\/wp\/v2\/pages\/15\/revisions"}],"predecessor-version":[{"id":593,"href":"https:\/\/gymnastik-burlafingen.de\/index.php?rest_route=\/wp\/v2\/pages\/15\/revisions\/593"}],"wp:attachment":[{"href":"https:\/\/gymnastik-burlafingen.de\/index.php?rest_route=%2Fwp%2Fv2%2Fmedia&parent=15"}],"curies":[{"name":"wp","href":"https:\/\/api.w.org\/{rel}","templated":true}]}}