{"id":23,"date":"2014-12-07T16:40:16","date_gmt":"2014-12-07T14:40:16","guid":{"rendered":"http:\/\/gymnastik-burlafingen.de\/?page_id=23"},"modified":"2014-12-11T22:25:09","modified_gmt":"2014-12-11T20:25:09","slug":"volleyball","status":"publish","type":"page","link":"https:\/\/gymnastik-burlafingen.de\/?page_id=23","title":{"rendered":"Volleyball"},"content":{"rendered":"<p class=\"Normal\">Die Volleyballgruppe besteht bereits seit vielen Jahren und hat neuerdings wieder einen bemerkenswerten Zulauf an neuen Spielern und Spielerinnen.<\/p>\n<p class=\"Normal\">Fr\u00fcher war es eine reine M\u00e4nnergruppe. Dies hat sich seit einiger Zeit ge\u00e4ndert. Sowohl M\u00e4nnern als auch Frauen bereitet die Sportart viel Spa\u00df.<\/p>\n<p class=\"Normal\">Die Volleyballgruppe trainiert jeweils montags in der Zeit von 18.00 bis 21.45 Uhr in der alten Turnhalle des Schulzentrums Pfuhl \/ Burlafingen.<br \/>\nAnsprechpartner bei dieser Gruppe ist Giulio Sarmiento.<\/p>\n<p class=\"Normal\"><img loading=\"lazy\" decoding=\"async\" class=\"aligncenter wp-image-79 size-full\" src=\"https:\/\/gymnastik-burlafingen.de\/wp-content\/uploads\/2014\/12\/Volleyballgruppe-2014.jpg\" alt=\"Volleyballgruppe-2014\" width=\"640\" height=\"480\" srcset=\"https:\/\/gymnastik-burlafingen.de\/wp-content\/uploads\/2014\/12\/Volleyballgruppe-2014.jpg 640w, https:\/\/gymnastik-burlafingen.de\/wp-content\/uploads\/2014\/12\/Volleyballgruppe-2014-300x225.jpg 300w\" sizes=\"auto, (max-width: 640px) 100vw, 640px\" \/><\/p>\n","protected":false},"excerpt":{"rendered":"<p>Die Volleyballgruppe besteht bereits seit vielen Jahren und hat neuerdings wieder einen bemerkenswerten Zulauf an neuen Spielern und Spielerinnen. Fr\u00fcher war es eine reine M\u00e4nnergruppe. Dies hat sich seit einiger Zeit ge\u00e4ndert. Sowohl M\u00e4nnern als auch Frauen bereitet die Sportart viel Spa\u00df. Die Volleyballgruppe trainiert jeweils montags in der Zeit von 18.00 bis 21.45 Uhr &hellip; <a href=\"https:\/\/gymnastik-burlafingen.de\/?page_id=23\" class=\"more-link\"><span class=\"screen-reader-text\">Volleyball<\/span> weiterlesen <span class=\"meta-nav\">&rarr;<\/span><\/a><\/p>\n","protected":false},"author":1,"featured_media":0,"parent":0,"menu_order":0,"comment_status":"closed","ping_status":"closed","template":"","meta":{"jetpack_post_was_ever_published":false,"footnotes":""},"class_list":["post-23","page","type-page","status-publish","hentry"],"aioseo_notices":[],"jetpack_sharing_enabled":false,"jetpack_shortlink":"https:\/\/wp.me\/P5lLUg-n","_links":{"self":[{"href":"https:\/\/gymnastik-burlafingen.de\/index.php?rest_route=\/wp\/v2\/pages\/23","targetHints":{"allow":["GET"]}}],"collection":[{"href":"https:\/\/gymnastik-burlafingen.de\/index.php?rest_route=\/wp\/v2\/pages"}],"about":[{"href":"https:\/\/gymnastik-burlafingen.de\/index.php?rest_route=\/wp\/v2\/types\/page"}],"author":[{"embeddable":true,"href":"https:\/\/gymnastik-burlafingen.de\/index.php?rest_route=\/wp\/v2\/users\/1"}],"replies":[{"embeddable":true,"href":"https:\/\/gymnastik-burlafingen.de\/index.php?rest_route=%2Fwp%2Fv2%2Fcomments&post=23"}],"version-history":[{"count":4,"href":"https:\/\/gymnastik-burlafingen.de\/index.php?rest_route=\/wp\/v2\/pages\/23\/revisions"}],"predecessor-version":[{"id":114,"href":"https:\/\/gymnastik-burlafingen.de\/index.php?rest_route=\/wp\/v2\/pages\/23\/revisions\/114"}],"wp:attachment":[{"href":"https:\/\/gymnastik-burlafingen.de\/index.php?rest_route=%2Fwp%2Fv2%2Fmedia&parent=23"}],"curies":[{"name":"wp","href":"https:\/\/api.w.org\/{rel}","templated":true}]}}