{"id":248,"date":"2022-02-28T22:34:26","date_gmt":"2022-02-28T20:34:26","guid":{"rendered":"https:\/\/gymnastik-burlafingen.de\/?page_id=248"},"modified":"2022-02-28T22:34:26","modified_gmt":"2022-02-28T20:34:26","slug":"full-body-workout","status":"publish","type":"page","link":"https:\/\/gymnastik-burlafingen.de\/?page_id=248","title":{"rendered":"Full Body Workout"},"content":{"rendered":"\n<figure class=\"wp-block-image size-large\"><a href=\"https:\/\/gymnastik-burlafingen.de\/wp-content\/uploads\/2022\/02\/FullBofyWorkout_Header.jpg\"><img loading=\"lazy\" decoding=\"async\" width=\"1024\" height=\"455\" src=\"https:\/\/gymnastik-burlafingen.de\/wp-content\/uploads\/2022\/02\/FullBofyWorkout_Header-1024x455.jpg\" alt=\"\" class=\"wp-image-249\" srcset=\"https:\/\/gymnastik-burlafingen.de\/wp-content\/uploads\/2022\/02\/FullBofyWorkout_Header-1024x455.jpg 1024w, https:\/\/gymnastik-burlafingen.de\/wp-content\/uploads\/2022\/02\/FullBofyWorkout_Header-300x133.jpg 300w, https:\/\/gymnastik-burlafingen.de\/wp-content\/uploads\/2022\/02\/FullBofyWorkout_Header-768x341.jpg 768w, https:\/\/gymnastik-burlafingen.de\/wp-content\/uploads\/2022\/02\/FullBofyWorkout_Header-1536x683.jpg 1536w, https:\/\/gymnastik-burlafingen.de\/wp-content\/uploads\/2022\/02\/FullBofyWorkout_Header.jpg 1890w\" sizes=\"auto, (max-width: 1024px) 100vw, 1024px\" \/><\/a><\/figure>\n\n\n\n<p>F\u00fcr einen durchtrainierten Body muss man keine halbe Ewigkeit im Fitnessstudio verbringen, sondern einfach die richtigen Workout \u00dcbungen kennen. Stundenlanges Strampeln am Crosstrainer ist oft reine Zeitverschwendung. Viel effektiver ist ein Ganzk\u00f6rper Trainingsplan mit HIIT-Sessions und intensivem Zirkeltraining.<\/p>\n\n\n\n<p>Mein Full Body Workout ist ein Funktionelles Training, bei dem mithilfe von \u00dcbungskombinationen die Ausdauer, Beweglichkeit, Kraft und Koordination verbessert werden. Es werden immer mehrere Muskeln im Verbund trainiert, um ganze Muskelschlingen zu erreichen. Neben dem eigenen K\u00f6rpergewicht werden verschiedenen Zusatzgewichte wie Hanteln, Kettlebells oder Medizinb\u00e4lle und viele weitere Elemente eingesetzt, dadurch eignet sich das Training f\u00fcr Anf\u00e4nger als auch f\u00fcr Fortgeschrittene.<\/p>\n\n\n\n<p>Mit jedem Full Body Workout setzt du nicht nur neue Muskelreize, sondern pushst auch deine Fettverbrennung auf ein Maximum. Dadurch wird ein Nachbrenneffekt hervorgerufen, der den Stoffwechsel auch noch lange nach dem Fitness Training verst\u00e4rkt arbeiten l\u00e4sst.<\/p>\n\n\n\n<p>Ab Februar 2022 jeden Donnerstag 19:15Uhr im Sporttreff<\/p>\n\n\n\n<p><strong>Trainerin:<\/strong> Natalie Greuter<\/p>\n\n\n\n<p><strong>Anmeldung:<\/strong> <a href=\"mailto:machdichfitfcb@gmail.com\">machdichfitfcb@gmail.com<\/a><\/p>\n\n\n\n<div class=\"wp-block-image\"><figure class=\"aligncenter size-full\"><a href=\"https:\/\/gymnastik-burlafingen.de\/wp-content\/uploads\/2022\/02\/FullBofyWorkout_Natalie.jpg\"><img loading=\"lazy\" decoding=\"async\" width=\"307\" height=\"289\" src=\"https:\/\/gymnastik-burlafingen.de\/wp-content\/uploads\/2022\/02\/FullBofyWorkout_Natalie.jpg\" alt=\"\" class=\"wp-image-250\" srcset=\"https:\/\/gymnastik-burlafingen.de\/wp-content\/uploads\/2022\/02\/FullBofyWorkout_Natalie.jpg 307w, https:\/\/gymnastik-burlafingen.de\/wp-content\/uploads\/2022\/02\/FullBofyWorkout_Natalie-300x282.jpg 300w\" sizes=\"auto, (max-width: 307px) 100vw, 307px\" \/><\/a><\/figure><\/div>\n","protected":false},"excerpt":{"rendered":"<p>F\u00fcr einen durchtrainierten Body muss man keine halbe Ewigkeit im Fitnessstudio verbringen, sondern einfach die richtigen Workout \u00dcbungen kennen. Stundenlanges Strampeln am Crosstrainer ist oft reine Zeitverschwendung. Viel effektiver ist ein Ganzk\u00f6rper Trainingsplan mit HIIT-Sessions und intensivem Zirkeltraining. Mein Full Body Workout ist ein Funktionelles Training, bei dem mithilfe von \u00dcbungskombinationen die Ausdauer, Beweglichkeit, Kraft &hellip; <a href=\"https:\/\/gymnastik-burlafingen.de\/?page_id=248\" class=\"more-link\"><span class=\"screen-reader-text\">Full Body Workout<\/span> weiterlesen <span class=\"meta-nav\">&rarr;<\/span><\/a><\/p>\n","protected":false},"author":1,"featured_media":0,"parent":0,"menu_order":0,"comment_status":"closed","ping_status":"closed","template":"","meta":{"jetpack_post_was_ever_published":false,"footnotes":""},"class_list":["post-248","page","type-page","status-publish","hentry"],"aioseo_notices":[],"jetpack_sharing_enabled":true,"jetpack_shortlink":"https:\/\/wp.me\/P5lLUg-40","_links":{"self":[{"href":"https:\/\/gymnastik-burlafingen.de\/index.php?rest_route=\/wp\/v2\/pages\/248","targetHints":{"allow":["GET"]}}],"collection":[{"href":"https:\/\/gymnastik-burlafingen.de\/index.php?rest_route=\/wp\/v2\/pages"}],"about":[{"href":"https:\/\/gymnastik-burlafingen.de\/index.php?rest_route=\/wp\/v2\/types\/page"}],"author":[{"embeddable":true,"href":"https:\/\/gymnastik-burlafingen.de\/index.php?rest_route=\/wp\/v2\/users\/1"}],"replies":[{"embeddable":true,"href":"https:\/\/gymnastik-burlafingen.de\/index.php?rest_route=%2Fwp%2Fv2%2Fcomments&post=248"}],"version-history":[{"count":1,"href":"https:\/\/gymnastik-burlafingen.de\/index.php?rest_route=\/wp\/v2\/pages\/248\/revisions"}],"predecessor-version":[{"id":251,"href":"https:\/\/gymnastik-burlafingen.de\/index.php?rest_route=\/wp\/v2\/pages\/248\/revisions\/251"}],"wp:attachment":[{"href":"https:\/\/gymnastik-burlafingen.de\/index.php?rest_route=%2Fwp%2Fv2%2Fmedia&parent=248"}],"curies":[{"name":"wp","href":"https:\/\/api.w.org\/{rel}","templated":true}]}}