{"id":8,"date":"2014-12-07T16:36:59","date_gmt":"2014-12-07T14:36:59","guid":{"rendered":"http:\/\/gymnastik-burlafingen.de\/?page_id=8"},"modified":"2026-01-08T22:05:47","modified_gmt":"2026-01-08T20:05:47","slug":"startseite","status":"publish","type":"page","link":"https:\/\/gymnastik-burlafingen.de\/","title":{"rendered":"Willkommen"},"content":{"rendered":"\n<h4 class=\"wp-block-heading has-text-align-center\">bei der Gymnastikabteilung des FC Burlafingen!<\/h4>\n\n\n\n<!DOCTYPE html>\n<html lang=\"de\">\n<head>\n    <meta charset=\"UTF-8\">\n    <meta name=\"viewport\" content=\"width=device-width, initial-scale=1.0\">\n    <title>Kurs-\u00dcbersicht Hybrid-Cluster<\/title>\n    \n    <style>\n        \/* GENERELLE STILE *\/\n        body {\n            font-family: -apple-system, BlinkMacSystemFont, \"Segoe UI\", Roboto, Helvetica, Arial, sans-serif;\n            background-color: #fdfdfd;\n            margin: 0;\n            padding: 20px;\n            color: #333;\n        }\n\n        \/* STILE F\u00dcR DIE \u00dcBERSICHT *\/\n        .target-groups {\n            max-width: 1200px;\n            margin: 40px auto;\n            text-align: center;\n        }\n        \n        \/* Optimierte Haupt\u00fcberschrift - Jetzt in gleicher Gr\u00f6\u00dfe wie Subheading *\/\n        .target-groups h2 {\n            font-size: 1.1em; \/* Angepasst auf Textgr\u00f6\u00dfe *\/\n            margin-bottom: 5px;\n            color: #008E44; \/* Vereinsgr\u00fcn *\/\n            text-transform: uppercase;\n            letter-spacing: 1px;\n            font-weight: 700;\n        }\n        \n        .target-groups .subheading {\n            font-size: 1.1em;\n            color: #666;\n            margin-bottom: 50px;\n            max-width: 700px;\n            margin-left: auto;\n            margin-right: auto;\n        }\n\n        \/* Flexbox-Container *\/\n        .card-container {\n            display: flex;\n            flex-wrap: wrap;\n            justify-content: center;\n            gap: 30px;\n        }\n\n        \/* Kachel Design - Pr\u00e4ziser & Eindeutiger *\/\n        .card {\n            background-color: #ffffff;\n            border-radius: 8px;\n            border: 1px solid #e0e0e0;\n            border-top: 5px solid #008E44;\n            box-shadow: 0 2px 8px rgba(0,0,0,0.05);\n            overflow: hidden;\n            text-align: left;\n            flex: 1 1 300px;\n            max-width: 350px;\n            transition: all 0.3s ease;\n            display: flex;\n            flex-direction: column;\n        }\n\n        .card:hover {\n            transform: translateY(-5px);\n            box-shadow: 0 10px 20px rgba(0,0,0,0.1);\n            border-color: #008E44;\n        }\n\n        .card img {\n            width: 100%;\n            height: 160px;\n            object-fit: cover;\n            filter: grayscale(20%);\n        }\n\n        .card-content {\n            padding: 20px;\n            flex-grow: 1;\n            display: flex;\n            flex-direction: column;\n        }\n\n        \/* Zentrierte gr\u00fcne Kachel-\u00dcberschrift *\/\n        .card h3 {\n            font-size: 1.3em;\n            margin-top: 0;\n            margin-bottom: 12px;\n            color: #008E44; \n            font-weight: 700;\n            text-align: center;\n        }\n\n        .card .description {\n            font-size: 0.9em;\n            color: #555;\n            line-height: 1.5;\n            margin-bottom: 20px;\n            min-height: 4em;\n            text-align: center;\n        }\n        \n        \/* Kursliste Design *\/\n        .course-list {\n            list-style: none;\n            padding: 0;\n            margin: 0;\n            margin-top: auto;\n        }\n        \n        .course-list li {\n            border-bottom: 1px solid #f0f0f0;\n            transition: all 0.2s;\n        }\n        \n        .course-list li:last-child {\n            border-bottom: none;\n        }\n        \n        .course-list li a {\n            display: block; \n            padding: 12px 5px;\n            font-size: 0.9em;\n            color: #333;\n            text-decoration: none;\n            font-weight: 500;\n            display: flex;\n            justify-content: space-between;\n            align-items: center;\n        }\n        \n        .course-list li a::after {\n            content: '\u2192';\n            color: #008E44;\n            opacity: 0;\n            transition: opacity 0.2s;\n        }\n        \n        .course-list li:hover a {\n            color: #008E44;\n            padding-left: 10px;\n        }\n        \n        .course-list li:hover a::after {\n            opacity: 1;\n        }\n    <\/style>\n<\/head>\n<body>\n\n    <section class=\"target-groups\">\n        <h2>Finde deinen Sport beim FCB<\/h2>\n        <p class=\"subheading\">W\u00e4hle eine unserer Sportwelten aus, um direkt zu den Kursangeboten zu gelangen.<\/p>\n        \n        <div class=\"card-container\">\n            \n            <!-- Cluster 1: Fr\u00fch \u00fcbt sich -->\n            <div class=\"card\">\n                <img decoding=\"async\" src=\"https:\/\/placehold.co\/350x180\/008E44\/FFFFFF?text=F\u00dcR+DIE+KLEINSTEN\" alt=\"Kinderturnen beim FC Burlafingen\">\n                <div class=\"card-content\">\n                    <h3>Fr\u00fch \u00fcbt sich<\/h3>\n                    <p class=\"description\">Der perfekte Einstieg f\u00fcr Kinder von 1 bis 6 Jahren. Spa\u00df und motorische Entwicklung im Fokus.<\/p>\n                    <ul class=\"course-list\">\n                        <li><a href=\"https:\/\/gymnastik-burlafingen.de\/?page_id=19\">Eltern-Kind-Turnen<\/a><\/li>\n                        <li><a href=\"https:\/\/gymnastik-burlafingen.de\/?page_id=19\">Kinderturnen<\/a><\/li>\n                    <\/ul>\n                <\/div>\n            <\/div>\n            \n            <!-- Cluster 2: Power & Cardio -->\n            <div class=\"card\">\n                <img decoding=\"async\" src=\"https:\/\/placehold.co\/350x180\/007336\/FFFFFF?text=POWER+%26+CARDIO\" alt=\"Fitness Training\">\n                <div class=\"card-content\">\n                    <h3>Power &#038; Cardio<\/h3>\n                    <p class=\"description\">Ausdauer verbessern und den K\u00f6rper fordern. Unsere Kurse f\u00fcr Fitness-Fans und Energie-B\u00fcndel.<\/p>\n                    <ul class=\"course-list\">\n                        <li><a href=\"https:\/\/gymnastik-burlafingen.de\/?page_id=248\">Full Body Workout<\/a><\/li>\n                        <li><a href=\"https:\/\/gymnastik-burlafingen.de\/?page_id=371\">Step-Aerobic<\/a><\/li>\n                        <li><a href=\"https:\/\/gymnastik-burlafingen.de\/?page_id=244\">Bauch Beine Po<\/a><\/li>\n                        <li><a href=\"https:\/\/gymnastik-burlafingen.de\/?page_id=13\">Aerobic<\/a><\/li>\n                    <\/ul>\n                <\/div>\n            <\/div>\n            \n            <!-- Cluster 3: Body & Soul -->\n            <div class=\"card\">\n                <img decoding=\"async\" src=\"https:\/\/placehold.co\/350x180\/005c2b\/FFFFFF?text=BODY+%26+SOUL\" alt=\"Yoga und Balance\">\n                <div class=\"card-content\">\n                    <h3>Body &#038; Soul<\/h3>\n                    <p class=\"description\">Fokus auf Beweglichkeit und inneres Gleichgewicht. Kr\u00e4ftigung f\u00fcr K\u00f6rper und Geist.<\/p>\n                    <ul class=\"course-list\">\n                        <li><a href=\"https:\/\/gymnastik-burlafingen.de\/?page_id=296\">Vinyasa Yoga<\/a><\/li>\n                    <\/ul>\n                <\/div>\n            <\/div>\n\n            <!-- Cluster 4: Kampf, Tanz & Spiel -->\n            <div class=\"card\">\n                <img decoding=\"async\" src=\"https:\/\/placehold.co\/350x180\/004721\/FFFFFF?text=KAMPF+TANZ+SPIEL\" alt=\"Ninjutsu und Streetdance\">\n                <div class=\"card-content\">\n                    <h3>Kampf, Tanz &#038; Spiel<\/h3>\n                    <p class=\"description\">Actionreiche Kurse mit Fokus auf Technik, Rhythmus und Teamspirit. F\u00fcr Kids bis Erwachsene.<\/p>\n                    <ul class=\"course-list\">\n                        <li><a href=\"https:\/\/gymnastik-burlafingen.de\/?page_id=21\">Ninjutsu<\/a><\/li>\n                        <li><a href=\"https:\/\/gymnastik-burlafingen.de\/?page_id=173\">StreetDance &#8211; &#8222;The Breakpoint&#8220;<\/a><\/li>\n                        <li><a href=\"https:\/\/gymnastik-burlafingen.de\/?page_id=23\">Volleyball (mixed)<\/a><\/li>\n                        <li><a href=\"https:\/\/gymnastik-burlafingen.de\/?page_id=171\">Jongliergruppe<\/a><\/li>\n                    <\/ul>\n                <\/div>\n            <\/div>\n\n            <!-- Cluster 5: Generation Gold -->\n            <div class=\"card\">\n                <img decoding=\"async\" src=\"https:\/\/placehold.co\/350x180\/008E44\/FFFFFF?text=GENERATION+GOLD\" alt=\"Senioren Gymnastik\">\n                <div class=\"card-content\">\n                    <h3>Generation Gold<\/h3>\n                    <p class=\"description\">Vitalit\u00e4t und Mobilit\u00e4t im besten Alter. Spezielle Gymnastik-Angebote in geselliger Runde.<\/p>\n                    <ul class=\"course-list\">\n                        <li><a href=\"https:\/\/gymnastik-burlafingen.de\/?page_id=13\">Gymnastik f\u00fcr Frauen<\/a><\/li>\n                        <li><a href=\"https:\/\/gymnastik-burlafingen.de\/?page_id=15\">Frauen-Gymnastik (Seniorinnen)<\/a><\/li>\n                        <li><a href=\"https:\/\/gymnastik-burlafingen.de\/?page_id=17\">Gymnastik f\u00fcr M\u00e4nner (50+)<\/a><\/li>\n                    <\/ul>\n                <\/div>\n            <\/div>\n        <\/div>\n    <\/section>\n\n<\/body>\n<\/html>\n\n\n\n<hr class=\"wp-block-separator has-alpha-channel-opacity\"\/>\n\n\n\n<div class=\"wp-block-columns is-layout-flex wp-container-core-columns-is-layout-9d6595d7 wp-block-columns-is-layout-flex\">\n<div class=\"wp-block-column is-layout-flow wp-block-column-is-layout-flow\" style=\"flex-basis:100%\">\n<div class=\"schnupper-info-card\" style=\"width: 100%; display: block; clear: both; margin: 30px 0; padding: 25px; background-color: #f0f7f3; border-left: 6px solid #008E44; border-radius: 8px; font-family: -apple-system, BlinkMacSystemFont, 'Segoe UI', Roboto, Helvetica, Arial, sans-serif; box-shadow: 0 2px 10px rgba(0,0,0,0.05); text-align: center; box-sizing: border-box;\">\n  \n  <div style=\"margin-bottom: 15px;\">\n    <svg xmlns=\"http:\/\/www.w3.org\/2000\/svg\" width=\"40\" height=\"40\" viewBox=\"0 0 24 24\" fill=\"none\" stroke=\"#008E44\" stroke-width=\"2\" stroke-linecap=\"round\" stroke-linejoin=\"round\">\n      <path d=\"M16 21v-2a4 4 0 0 0-4-4H6a4 4 0 0 0-4 4v2\"><\/path>\n      <circle cx=\"9\" cy=\"7\" r=\"4\"><\/circle>\n      <polyline points=\"16 11 18 13 22 9\"><\/polyline>\n    <\/svg>\n  <\/div>\n\n  <h3 style=\"margin: 0 0 12px 0; color: #008E44; font-size: 1.25em; font-weight: 700;\">Komm vorbei zum Schnuppern!<\/h3>\n  \n  <p style=\"color: #444; line-height: 1.6; margin: 0 auto; max-width: 900px; font-size: 1.05em;\">\n    Du bist jederzeit herzlich zu einem <strong>kostenlosen Schnuppertraining<\/strong> eingeladen. \n    Wenn es dir bei uns gef\u00e4llt und du regelm\u00e4\u00dfig mitmachen m\u00f6chtest, ist aus versicherungstechnischen Gr\u00fcnden eine Mitgliedschaft in unserem Verein n\u00f6tig.\n  <\/p>\n\n  <div style=\"margin-top: 15px; padding-top: 15px; border-top: 1px dashed #c0e0cc;\">\n    <p style=\"color: #008E44; font-weight: 600; margin: 0;\">\n      Das Beste daran: F\u00fcr unsere Mitglieder entstehen keine weiteren Kursgeb\u00fchren \u2013 du kannst unser gesamtes Sportangebot einfach genie\u00dfen!\n    <\/p>\n  <\/div>\n<\/div>\n<\/div>\n<\/div>\n\n\n\n<hr class=\"wp-block-separator has-alpha-channel-opacity\"\/>\n\n\n\n<div class=\"kursuebersicht-block\" style=\"max-width: 600px; margin: 50px auto; padding: 30px; border: 2px solid #ccc; border-radius: 12px; background-color: #f9f9f9; text-align: center; font-family: -apple-system, BlinkMacSystemFont, 'Segoe UI', Roboto, Helvetica, Arial, sans-serif;\">\n\n  <h2 style=\"margin-bottom: 10px; color: #333;\">Trainingszeiten<\/h2>\n  <p style=\"font-size: 1.1rem; margin-bottom: 25px; color: #555;\">Alle Kurse und Termine auf einen Blick<\/p>\n\n  <div style=\"display: flex; justify-content: center;\">\n    \n    <a href=\"https:\/\/gymnastik-burlafingen.de\/?page_id=697\" \n       class=\"kontakt-button kurs-button\" \n       style=\"display: inline-flex; align-items: center; background-color: #008E44; color: white; padding: 12px 25px; border-radius: 8px; text-decoration: none; font-weight: bold; transition: background-color 0.3s;\">\n      \n      <svg xmlns=\"http:\/\/www.w3.org\/2000\/svg\" viewBox=\"0 0 24 24\" fill=\"currentColor\" style=\"height: 20px; vertical-align: middle; margin-right: 10px;\">\n        <path d=\"M19 3h-1V1h-2v2H8V1H6v2H5c-1.11 0-1.99.9-1.99 2L3 19c0 1.1.89 2 2 2h14c1.1 0 2-.9 2-2V5c0-1.1-.9-2-2-2zm0 16H5V8h14v11zM7 10h5v5H7z\"\/>\n      <\/svg>\n      Zur Kurs\u00fcbersicht\n    <\/a>\n\n  <\/div>\n\n<\/div>\n\n\n\n<hr class=\"wp-block-separator has-alpha-channel-opacity\"\/>\n\n\n\n<div class=\"kontakt-gesamtblock\" style=\"max-width: 600px; margin: 50px auto; padding: 30px; border: 2px solid #ccc; border-radius: 12px; background-color: #f9f9f9; text-align: center; font-family: -apple-system, BlinkMacSystemFont, 'Segoe UI', Roboto, Helvetica, Arial, sans-serif;\">\n\n  <h2 style=\"margin-bottom: 10px; color: #333;\">Kontakt<\/h2>\n  <p style=\"font-size: 1.1rem; margin-bottom: 25px; color: #555;\">Gymnastikabteilung des FC Burlafingen<\/p>\n\n  <div style=\"display: flex; justify-content: center;\">\n    \n    <a href=\"mailto:gymnastik@fc-burlafingen.de?subject=Anfrage an Gymnastikabteilung FC Burlafingen\" \n       class=\"kontakt-button email-button\" \n       style=\"display: inline-flex; align-items: center; background-color: #008E44; color: white; padding: 12px 25px; border-radius: 8px; text-decoration: none; font-weight: bold; transition: background-color 0.3s;\">\n      \n      <svg xmlns=\"http:\/\/www.w3.org\/2000\/svg\" viewBox=\"0 0 24 24\" fill=\"currentColor\" style=\"height: 20px; vertical-align: middle; margin-right: 10px;\">\n        <path d=\"M20 4H4c-1.103 0-2 .897-2 2v12c0 1.103.897 2 2 2h16c1.103 0 2-.897 2-2V6c0-1.103-.897-2-2-2zM4 6h16l-8 5-8-5zm0 12V8l8 5 8-5v10H4z\"\/>\n      <\/svg>\n      E-Mail an gymnastik@fc-burlafingen.de\n    <\/a>\n\n  <\/div>\n\n<\/div>\n\n\n<div class=\"wp-block-image is-resized\">\n<figure class=\"aligncenter size-large\"><a href=\"https:\/\/gymnastik-burlafingen.de\/wp-content\/uploads\/2021\/05\/FCB_LOGO_Facebook_Gymnastik-1.jpg\"><img loading=\"lazy\" decoding=\"async\" width=\"638\" height=\"638\" src=\"https:\/\/gymnastik-burlafingen.de\/wp-content\/uploads\/2021\/05\/FCB_LOGO_Facebook_Gymnastik-1.jpg\" alt=\"\" class=\"wp-image-196\" srcset=\"https:\/\/gymnastik-burlafingen.de\/wp-content\/uploads\/2021\/05\/FCB_LOGO_Facebook_Gymnastik-1.jpg 638w, https:\/\/gymnastik-burlafingen.de\/wp-content\/uploads\/2021\/05\/FCB_LOGO_Facebook_Gymnastik-1-300x300.jpg 300w, https:\/\/gymnastik-burlafingen.de\/wp-content\/uploads\/2021\/05\/FCB_LOGO_Facebook_Gymnastik-1-150x150.jpg 150w\" sizes=\"auto, (max-width: 638px) 100vw, 638px\" \/><\/a><\/figure>\n<\/div>\n\n\n<p><\/p>\n\n\n\n\n\n<p><\/p>\n","protected":false},"excerpt":{"rendered":"<p>bei der Gymnastikabteilung des FC Burlafingen! Kurs-\u00dcbersicht Hybrid-Cluster Finde deinen Sport beim FCB W\u00e4hle eine unserer Sportwelten aus, um direkt zu den Kursangeboten zu gelangen. Fr\u00fch \u00fcbt sich Der perfekte Einstieg f\u00fcr Kinder von 1 bis 6 Jahren. Spa\u00df und motorische Entwicklung im Fokus. Eltern-Kind-Turnen Kinderturnen Power &#038; Cardio Ausdauer verbessern und den K\u00f6rper fordern. &hellip; <a href=\"https:\/\/gymnastik-burlafingen.de\/\" class=\"more-link\"><span class=\"screen-reader-text\">Willkommen<\/span> weiterlesen <span class=\"meta-nav\">&rarr;<\/span><\/a><\/p>\n","protected":false},"author":1,"featured_media":0,"parent":0,"menu_order":0,"comment_status":"closed","ping_status":"closed","template":"page-templates\/full-width.php","meta":{"footnotes":""},"class_list":["post-8","page","type-page","status-publish","hentry"],"aioseo_notices":[],"jetpack_sharing_enabled":true,"jetpack_shortlink":"https:\/\/wp.me\/P5lLUg-8","_links":{"self":[{"href":"https:\/\/gymnastik-burlafingen.de\/index.php?rest_route=\/wp\/v2\/pages\/8","targetHints":{"allow":["GET"]}}],"collection":[{"href":"https:\/\/gymnastik-burlafingen.de\/index.php?rest_route=\/wp\/v2\/pages"}],"about":[{"href":"https:\/\/gymnastik-burlafingen.de\/index.php?rest_route=\/wp\/v2\/types\/page"}],"author":[{"embeddable":true,"href":"https:\/\/gymnastik-burlafingen.de\/index.php?rest_route=\/wp\/v2\/users\/1"}],"replies":[{"embeddable":true,"href":"https:\/\/gymnastik-burlafingen.de\/index.php?rest_route=%2Fwp%2Fv2%2Fcomments&post=8"}],"version-history":[{"count":136,"href":"https:\/\/gymnastik-burlafingen.de\/index.php?rest_route=\/wp\/v2\/pages\/8\/revisions"}],"predecessor-version":[{"id":731,"href":"https:\/\/gymnastik-burlafingen.de\/index.php?rest_route=\/wp\/v2\/pages\/8\/revisions\/731"}],"wp:attachment":[{"href":"https:\/\/gymnastik-burlafingen.de\/index.php?rest_route=%2Fwp%2Fv2%2Fmedia&parent=8"}],"curies":[{"name":"wp","href":"https:\/\/api.w.org\/{rel}","templated":true}]}}